{"id":15,"date":"2023-07-17T15:40:32","date_gmt":"2023-07-17T18:40:32","guid":{"rendered":"http:\/\/ipsislitteris.com\/index.php\/about\/"},"modified":"2023-10-19T16:05:06","modified_gmt":"2023-10-19T19:05:06","slug":"about","status":"publish","type":"page","link":"https:\/\/ipsislitteris.com\/index.php\/about\/","title":{"rendered":"Sobre mim"},"content":{"rendered":"\n<section class=\"hts-section hts-page hts-about\">\n    <div class=\"hts-about-header\">\n        <div class=\"hts-about-header-content\">\n            <div class=\"hts-about-body\">\n                <div>\n                    <h1><\/h1>\n                    <p>Conhe\u00e7a um pouco mais sobre La\u00eds Viegas de Valenzuela<\/p>\n                <\/div>\n            <\/div>\n            <div class=\"hts-about-image\">\n                <div class=\"hts-image-wrapper\">\n                    <img decoding=\"async\" src=\"https:\/\/images.unsplash.com\/photo-1505744386214-51dba16a26fc?crop=entropy\" title=\"Photo by Kelly Sikkema\" alt=\"white printer paper beside pens\">                    <span class=\"hts-unsplash-data\">Photo by <a href=\"https:\/\/unsplash.com\/@kellysikkema?utm_source=hostinger&#038;utm_medium=referral\" rel=\"nofollow\">Kelly Sikkema<\/a> on <a href=\"https:\/\/unsplash.com\/?utm_source=hostinger&#038;utm_medium=referral\" rel=\"nofollow\">Unsplash<\/a><\/span>                <\/div>\n            <\/div>\n        <\/div>\n    <\/div>\n    <hr class=\"full\">\n    <div class=\"hts-details\">\n                <div class=\"hts-about-story\">\n            <h2 class=\"hts-title\">MY STORY<\/h2>\n            <div class=\"hts-description\">\n                <p>Sou brasileira, nascida em Teresina, Piau\u00ed, Brasil.Estudei Letras Neolatinas, na Universidade do Cear\u00e1, Brasil.Atualmente, moro na Cidade do M\u00e9xico, com meu marido Alberto. Tenho 4 filhos: Maria Cl\u00e1udia, Renata, Andr\u00e9a e Alberto, espalhados por este mundo de Deus..Gosto muito de escrever. Publiquei 2 livros de gram\u00e1tica do Portugu\u00eas: uma gram\u00e1tica pr\u00e1tica e um livro de verbos. Publiquei, como e-book, um livro: &#8220;Retalhos&#8221;, na Kindle (artigos, coment\u00e1rios etc.). Tenho outro em edi\u00e7\u00e3o, para publica\u00e7\u00e3o como e-book. Espero que leiam e apreciem meu livro e este blog, e espero coment\u00e1rios sobre o que eu escrevo e publico.Escrevo meus coment\u00e1rios e artigos, e tamb\u00e9m publico mat\u00e9ria de poetas e escritores brasileiros e do al\u00e9m-mar, assim como t\u00f3picos de corre\u00e7\u00e3o de gram\u00e1tica e ortografia, concord\u00e2ncia e acentua\u00e7\u00e3o t\u00f4nica, tanto de portugu\u00eas quanto de espanhol.<\/p>            <\/div>\n        <\/div>\n        \n        <div class=\"hts-gallery\">\n            <div class=\"hts-image-wrapper hts-bottom\">\n                <img decoding=\"async\" src=\"https:\/\/images.unsplash.com\/photo-1434030216411-0b793f4b4173?crop=entropy\" title=\"Photo by Unseen Studio\" alt=\"person writing on brown wooden table near white ceramic mug\"><span class=\"hts-unsplash-data\">Photo by <a href=\"https:\/\/unsplash.com\/@craftedbygc?utm_source=hostinger&#038;utm_medium=referral\" rel=\"nofollow\">Unseen Studio<\/a> on <a href=\"https:\/\/unsplash.com\/?utm_source=hostinger&#038;utm_medium=referral\" rel=\"nofollow\">Unsplash<\/a><\/span>            <\/div>\n            <div class=\"hts-image-wrapper hts-bottom\">\n                <img decoding=\"async\" src=\"https:\/\/images.unsplash.com\/photo-1616628188467-8fb29f49bbe8?crop=entropy\" title=\"Photo by Kelly Sikkema\" alt=\"person writing on white paper\"><span class=\"hts-unsplash-data\">Photo by <a href=\"https:\/\/unsplash.com\/@kellysikkema?utm_source=hostinger&#038;utm_medium=referral\" rel=\"nofollow\">Kelly Sikkema<\/a> on <a href=\"https:\/\/unsplash.com\/?utm_source=hostinger&#038;utm_medium=referral\" rel=\"nofollow\">Unsplash<\/a><\/span>            <\/div>\n        <\/div>\n    <\/div>\n<\/section>\n\n<section class=\"hts-section hts-newsletter\">\n\t<hr class=\"full\">\n\t<div class=\"wrapper\">\n\t<div>\n\t\t<h3 class=\"hts-title\">Newsletter<\/h3>\n\t\t<p>Subscribe to stay up-to-date with my latest creative projects, insights, and tips.<\/p>\n\t<\/div>\n\t<div class=\"hts-newsletter-block\">\n\t\t<form>\n\t\t\t<input type=\"hidden\" id=\"newsletter_nonce\" name=\"newsletter_nonce\" value=\"d6a880a61e\" \/><input type=\"hidden\" name=\"_wp_http_referer\" value=\"\/index.php\/wp-json\/wp\/v2\/pages\/15\" \/>\t\t\t<label for=\"hts-newsletter-email\">Email<\/label>\n\t\t\t<input type=\"email\"\n\t\t\t       id=\"hts-newsletter-email\"\n\t\t\t       name=\"newsletter_email\"\n\t\t\t       placeholder=\"What\u2019s your email?\">\n\t\t\t<div class=\"validate-message\"><\/div>\n\t\t\t<div class=\"hts-privacy-agree\">\n\t\t\t\t<label class=\"hts-form-control\">\n\t\t\t\t<input type=\"checkbox\" id=\"privacy-policy-checkbox\" name=\"privacy_policy\" required>\n\t\t\t\t<\/label>\n\t\t\t\t<span>\n\t\t\t\t\tI consent to use of my email address for the purpose of receiving newsletters as described in <a href=\"\" target=\"_blank\">Privacy Policy<\/a>, which I have read. I may withdraw my consent at any time.\t\t\t\t<\/span>\n\t\t\t<\/div>\n\t\t\t<input type=\"submit\" class=\"btn primary\" value=\"Subscribe\"\/>\n\t\t<\/form>\n\t<\/div>\n\t<\/div>\n<\/section>","protected":false},"excerpt":{"rendered":"","protected":false},"author":1,"featured_media":0,"parent":0,"menu_order":0,"comment_status":"closed","ping_status":"closed","template":"","meta":{"footnotes":""},"_links":{"self":[{"href":"https:\/\/ipsislitteris.com\/index.php\/wp-json\/wp\/v2\/pages\/15"}],"collection":[{"href":"https:\/\/ipsislitteris.com\/index.php\/wp-json\/wp\/v2\/pages"}],"about":[{"href":"https:\/\/ipsislitteris.com\/index.php\/wp-json\/wp\/v2\/types\/page"}],"author":[{"embeddable":true,"href":"https:\/\/ipsislitteris.com\/index.php\/wp-json\/wp\/v2\/users\/1"}],"replies":[{"embeddable":true,"href":"https:\/\/ipsislitteris.com\/index.php\/wp-json\/wp\/v2\/comments?post=15"}],"version-history":[{"count":6,"href":"https:\/\/ipsislitteris.com\/index.php\/wp-json\/wp\/v2\/pages\/15\/revisions"}],"predecessor-version":[{"id":171,"href":"https:\/\/ipsislitteris.com\/index.php\/wp-json\/wp\/v2\/pages\/15\/revisions\/171"}],"wp:attachment":[{"href":"https:\/\/ipsislitteris.com\/index.php\/wp-json\/wp\/v2\/media?parent=15"}],"curies":[{"name":"wp","href":"https:\/\/api.w.org\/{rel}","templated":true}]}}